{"id":1743,"date":"2025-06-04T17:16:48","date_gmt":"2025-06-04T20:16:48","guid":{"rendered":"https:\/\/fesal.org.ar\/?page_id=1743"},"modified":"2025-06-06T11:57:15","modified_gmt":"2025-06-06T14:57:15","slug":"formacion","status":"publish","type":"page","link":"https:\/\/fesal.org.ar\/en\/formacion\/","title":{"rendered":"Educational Programs"},"content":{"rendered":"<div class=\"n2_clear\"><ss3-force-full-width data-overflow-x=\"body\" data-horizontal-selector=\"body\"><div class=\"n2-section-smartslider fitvidsignore  n2_clear\" data-ssid=\"6\"><div id=\"n2-ss-6-align\" class=\"n2-ss-align\"><div class=\"n2-padding\"><div id=\"n2-ss-6\" data-creator=\"Smart Slider 3\" data-responsive=\"fullwidth\" class=\"n2-ss-slider n2-ow n2-has-hover n2notransition\">\n        <div class=\"n2-ss-slider-1 n2_ss__touch_element n2-ow\">\n            <div class=\"n2-ss-slider-2 n2-ow\">\n                                                <div class=\"n2-ss-slider-3 n2-ow\">\n\n                    <div class=\"n2-ss-slide-backgrounds n2-ow-all\"><div class=\"n2-ss-slide-background\" data-public-id=\"1\" data-mode=\"fill\"><div class=\"n2-ss-slide-background-image\" data-blur=\"0\" data-opacity=\"100\" data-x=\"42\" data-y=\"53\" data-alt=\"\" data-title=\"\" style=\"--ss-o-pos-x:42%;--ss-o-pos-y:53%\"><picture class=\"skip-lazy\" data-skip-lazy=\"1\"><img decoding=\"async\" src=\"\/\/fesal.org.ar\/wp-content\/uploads\/2025\/06\/slide-11-b.jpg\" alt=\"\" title=\"\" loading=\"lazy\" class=\"skip-lazy\" data-skip-lazy=\"1\"><\/picture><\/div><div data-color=\"RGBA(255,255,255,0)\" style=\"background-color: RGBA(255,255,255,0);\" class=\"n2-ss-slide-background-color\"><\/div><\/div><\/div>                    <div class=\"n2-ss-slider-4 n2-ow\">\n                        <svg xmlns=\"http:\/\/www.w3.org\/2000\/svg\" viewbox=\"0 0 1200 400\" data-related-device=\"desktopPortrait\" class=\"n2-ow n2-ss-preserve-size n2-ss-preserve-size--slider n2-ss-slide-limiter\"><\/svg><div data-first=\"1\" data-slide-duration=\"0\" data-id=\"13\" data-slide-public-id=\"1\" data-title=\"slide-04\" class=\"n2-ss-slide n2-ow  n2-ss-slide-13\"><div role=\"note\" class=\"n2-ss-slide--focus\" tabindex=\"-1\">slide-04<\/div><div class=\"n2-ss-layers-container n2-ss-slide-limiter n2-ow\"><div class=\"n2-ss-layer n2-ow n-uc-kFaWfz1Ugt47\" data-sstype=\"slide\" data-pm=\"default\"><div class=\"n2-ss-layer n2-ow n-uc-Il6IhlayzKX9\" data-pm=\"default\" data-sstype=\"content\" data-hasbackground=\"0\"><div class=\"n2-ss-section-main-content n2-ss-layer-with-background n2-ss-layer-content n2-ow n-uc-Il6IhlayzKX9-inner\"><div class=\"n2-ss-layer n2-ow n-uc-ODRLP2CO763n\" data-pm=\"normal\" data-sstype=\"layer\"><div id=\"n2-ss-6item1\" class=\"n2-font-577e3e94d392c80545fffaf7623e9404-hover   n2-ss-item-content n2-ss-text n2-ow\" style=\"display:block;\">Educational Programs<\/div><\/div><div class=\"n2-ss-layer n2-ow n-uc-7hzE7xAPEIXD\" data-pm=\"normal\" data-sstype=\"layer\"><div class=\"n2-ss-item-content n2-ss-text n2-ow-all\"><div class=\"\"><p class=\"n2-font-c71a884ce6aa61cdcc5420d2c2ebb54b-paragraph\">La Fundaci\u00f3n de Estudios para la Salud, desarrolla propuestas de formaci\u00f3n orientadas a fortalecer capacidades en el campo de la salud. Ofrecemos cursos, talleres y programas de actualizaci\u00f3n destinados a profesionales, decisores, investigadores y equipos t\u00e9cnicos que buscan herramientas conceptuales y metodol\u00f3gicas para enfrentar los desaf\u00edos complejos del sistema de salud.<\/p>\n<\/div><\/div><\/div><\/div><\/div><\/div><\/div><\/div>                    <\/div>\n\n                                    <\/div>\n            <\/div>\n        <\/div>\n        <\/div><ss3-loader><\/ss3-loader><\/div><\/div><div class=\"n2_clear\"><\/div><\/div><\/ss3-force-full-width><\/div>\n\n\n<div class=\"wp-block-query is-layout-flow wp-block-query-is-layout-flow\"><ul class=\"wp-block-post-template is-layout-flow wp-block-post-template-is-layout-flow\"><li class=\"wp-block-post post-1746 post type-post status-publish format-standard has-post-thumbnail hentry category-formacion\">\n\n<p><\/p>\n\n<\/li><\/ul>\n\n<style>.kb-posts-id-1743_75397d-d7 .kb-post-list-item{display:grid;}<\/style><ul class=\"wp-block-kadence-posts kb-posts kadence-posts-list kb-posts-id-1743_75397d-d7 content-wrap grid-cols kb-posts-style-boxed grid-sm-col-1 grid-lg-col-1 item-image-style-beside\"><li class=\"kb-post-list-item\">\n\t<article class=\"entry content-bg loop-entry post-1746 post type-post status-publish format-standard has-post-thumbnail hentry category-formacion\">\n\t\t\t\t<a aria-hidden=\"true\" tabindex=\"-1\" role=\"presentation\" class=\"post-thumbnail kadence-thumbnail-ratio-2-3\" href=\"https:\/\/fesal.org.ar\/en\/curso-de-administracion-y-gestion-de-prestaciones-de-discapacidad-iniciado\/\" aria-label=\"Course on Administration and Management of Disability Services | ONGOING\">\n\t\t\t<div class=\"post-thumbnail-inner\">\n\t\t\t\t<img loading=\"lazy\" decoding=\"async\" width=\"768\" height=\"486\" src=\"https:\/\/fesal.org.ar\/wp-content\/uploads\/2025\/06\/portada-curso-768x486.png\" class=\"attachment-medium_large size-medium_large wp-post-image\" alt=\"Curso de administraci\u00f3n y gesti\u00f3n de prestaciones de discapacidad | INICIADO\" srcset=\"https:\/\/fesal.org.ar\/wp-content\/uploads\/2025\/06\/portada-curso-768x486.png 768w, https:\/\/fesal.org.ar\/wp-content\/uploads\/2025\/06\/portada-curso-300x190.png 300w, https:\/\/fesal.org.ar\/wp-content\/uploads\/2025\/06\/portada-curso-1024x649.png 1024w, https:\/\/fesal.org.ar\/wp-content\/uploads\/2025\/06\/portada-curso.png 1200w\" sizes=\"auto, (max-width: 768px) 100vw, 768px\" \/>\t\t\t<\/div>\n\t\t<\/a><!-- .post-thumbnail -->\n\t\t\t\t<div class=\"entry-content-wrap\">\n\t\t\t<header class=\"entry-header\">\n\t\t<div class=\"entry-taxonomies\">\n\t\t<span class=\"category-links term-links category-style-normal\">\n\t\t\t<a href=\"https:\/\/fesal.org.ar\/en\/category\/formacion\/\" class=\"category-link-formacion\" rel=\"tag\">Educational Programs<\/a>\t\t<\/span>\n\t<\/div><!-- .entry-taxonomies -->\n\t<h4 class=\"entry-title\"><a href=\"https:\/\/fesal.org.ar\/en\/curso-de-administracion-y-gestion-de-prestaciones-de-discapacidad-iniciado\/\" rel=\"bookmark\">Course on Administration and Management of Disability Services | ONGOING<\/a><\/h4><\/header><!-- .entry-header -->\n<footer class=\"entry-footer\">\n\t\t\t<div class=\"entry-actions\">\n\t\t\t<p class=\"more-link-wrap\">\n\t\t\t\t<a href=\"https:\/\/fesal.org.ar\/en\/curso-de-administracion-y-gestion-de-prestaciones-de-discapacidad-iniciado\/\" class=\"post-more-link\">\n\t\t\t\t\t+ Info<span class=\"screen-reader-text\"> Course on Administration and Management of Disability Services | ONGOING<\/span><span class=\"kadence-svg-iconset svg-baseline\"><svg aria-hidden=\"true\" class=\"kadence-svg-icon kadence-arrow-right-alt-svg\" fill=\"currentColor\" version=\"1.1\" xmlns=\"http:\/\/www.w3.org\/2000\/svg\" width=\"27\" height=\"28\" viewbox=\"0 0 27 28\"><title>Continue<\/title><path d=\"M27 13.953c0 0.141-0.063 0.281-0.156 0.375l-6 5.531c-0.156 0.141-0.359 0.172-0.547 0.094-0.172-0.078-0.297-0.25-0.297-0.453v-3.5h-19.5c-0.281 0-0.5-0.219-0.5-0.5v-3c0-0.281 0.219-0.5 0.5-0.5h19.5v-3.5c0-0.203 0.109-0.375 0.297-0.453s0.391-0.047 0.547 0.078l6 5.469c0.094 0.094 0.156 0.219 0.156 0.359v0z\"><\/path>\n\t\t\t<\/svg><\/span>\t\t\t\t<\/a>\n\t\t\t<\/p>\n\t\t<\/div><!-- .entry-actions -->\n\t\t<\/footer><!-- .entry-footer -->\t\t<\/div>\n\t<\/article>\n<\/li>\n<\/ul><\/div>\n\n\n\n<div style=\"height:100px\" aria-hidden=\"true\" class=\"wp-block-spacer\"><\/div>","protected":false},"excerpt":{"rendered":"","protected":false},"author":2,"featured_media":0,"parent":0,"menu_order":0,"comment_status":"closed","ping_status":"closed","template":"","meta":{"_kadence_starter_templates_imported_post":false,"_kad_post_transparent":"","_kad_post_title":"","_kad_post_layout":"","_kad_post_sidebar_id":"","_kad_post_content_style":"","_kad_post_vertical_padding":"","_kad_post_feature":"","_kad_post_feature_position":"","_kad_post_header":false,"_kad_post_footer":false,"_kad_post_classname":"","footnotes":""},"class_list":["post-1743","page","type-page","status-publish","hentry"],"_links":{"self":[{"href":"https:\/\/fesal.org.ar\/en\/wp-json\/wp\/v2\/pages\/1743","targetHints":{"allow":["GET"]}}],"collection":[{"href":"https:\/\/fesal.org.ar\/en\/wp-json\/wp\/v2\/pages"}],"about":[{"href":"https:\/\/fesal.org.ar\/en\/wp-json\/wp\/v2\/types\/page"}],"author":[{"embeddable":true,"href":"https:\/\/fesal.org.ar\/en\/wp-json\/wp\/v2\/users\/2"}],"replies":[{"embeddable":true,"href":"https:\/\/fesal.org.ar\/en\/wp-json\/wp\/v2\/comments?post=1743"}],"version-history":[{"count":4,"href":"https:\/\/fesal.org.ar\/en\/wp-json\/wp\/v2\/pages\/1743\/revisions"}],"predecessor-version":[{"id":2089,"href":"https:\/\/fesal.org.ar\/en\/wp-json\/wp\/v2\/pages\/1743\/revisions\/2089"}],"wp:attachment":[{"href":"https:\/\/fesal.org.ar\/en\/wp-json\/wp\/v2\/media?parent=1743"}],"curies":[{"name":"wp","href":"https:\/\/api.w.org\/{rel}","templated":true}]}}